{"id":1758,"date":"2024-12-31T07:47:05","date_gmt":"2024-12-31T07:47:05","guid":{"rendered":"https:\/\/nandanam.dance\/?page_id=1758"},"modified":"2024-12-31T12:01:23","modified_gmt":"2024-12-31T12:01:23","slug":"abonnieren-2","status":"publish","type":"page","link":"https:\/\/nandanam.dance\/de\/abonnieren-2\/","title":{"rendered":"Bharatanatyam"},"content":{"rendered":"<div data-elementor-type=\"wp-page\" data-elementor-id=\"1758\" class=\"elementor elementor-1758\" data-elementor-post-type=\"page\">\n\t\t\t\t\t\t<section class=\"elementor-section elementor-top-section elementor-element elementor-element-2792d28 elementor-section-boxed elementor-section-height-default elementor-section-height-default\" data-id=\"2792d28\" data-element_type=\"section\">\n\t\t\t\t\t\t<div class=\"elementor-container elementor-column-gap-no\">\n\t\t\t\t\t<div class=\"elementor-column elementor-col-100 elementor-top-column elementor-element elementor-element-1ba1266\" data-id=\"1ba1266\" data-element_type=\"column\">\n\t\t\t<div class=\"elementor-widget-wrap elementor-element-populated\">\n\t\t\t\t\t\t<div class=\"elementor-element elementor-element-6544041 elementor-widget elementor-widget-image\" data-id=\"6544041\" data-element_type=\"widget\" data-widget_type=\"image.default\">\n\t\t\t\t<div class=\"elementor-widget-container\">\n\t\t\t\t\t\t\t\t\t\t\t\t\t\t\t<img fetchpriority=\"high\" decoding=\"async\" width=\"1090\" height=\"690\" src=\"https:\/\/nandanam.dance\/wp-content\/uploads\/2024\/12\/Bharathanatyam-Banner.png\" class=\"attachment-full size-full wp-image-1788\" alt=\"\" srcset=\"https:\/\/nandanam.dance\/wp-content\/uploads\/2024\/12\/Bharathanatyam-Banner.png 1090w, https:\/\/nandanam.dance\/wp-content\/uploads\/2024\/12\/Bharathanatyam-Banner-300x190.png 300w, https:\/\/nandanam.dance\/wp-content\/uploads\/2024\/12\/Bharathanatyam-Banner-1024x648.png 1024w, https:\/\/nandanam.dance\/wp-content\/uploads\/2024\/12\/Bharathanatyam-Banner-768x486.png 768w\" sizes=\"(max-width: 1090px) 100vw, 1090px\" \/>\t\t\t\t\t\t\t\t\t\t\t\t\t\t\t<\/div>\n\t\t\t\t<\/div>\n\t\t\t\t<div class=\"elementor-element elementor-element-c0105af elementor-widget elementor-widget-danzaclassinfo\" data-id=\"c0105af\" data-element_type=\"widget\" data-widget_type=\"danzaclassinfo.default\">\n\t\t\t\t<div class=\"elementor-widget-container\">\n\t\t\t\t\t    \t<div class=\"dance-single-wrapper\">\r\n            <div class=\"dance-single-content\">\r\n                <h2 class=\"page-title th-title\">Bharatanatyam<\/h2>\r\n                <div data-pm-slice=\"1 1 []\" data-en-clipboard=\"true\"><div data-pm-slice=\"1 1 []\" data-en-clipboard=\"true\">Treten Sie ein in das pulsierende Reich von <b>Bharatanatyam<\/b>, eine klassische Tanzform aus Tamil Nadu, die f\u00fcr ihre pr\u00e4zise Beinarbeit, markanten Posen und dynamischen rhythmischen Muster bekannt ist. Bei <b>Nandanam-Tanzschule<\/b>, wir bewahren dieses alte Erbe und f\u00f6rdern gleichzeitig das einzigartige Potenzial jedes Sch\u00fclers. Von der traditionellen halbsitzenden Haltung (Aramandi) bis zum kunstvollen Geschichtenerz\u00e4hlen (Abhinaya) helfen wir Ihnen, die nuancierten Techniken zu meistern, die diesen Tanz zum Leben erwecken.<\/div><\/div><div data-pm-slice=\"1 1 []\" data-en-clipboard=\"true\">\u00a0<\/div><div data-pm-slice=\"1 1 []\" data-en-clipboard=\"true\">\u00a0<\/div><div data-pm-slice=\"1 1 []\" data-en-clipboard=\"true\">\u00a0<\/div>            <\/div>\r\n\r\n            <div class=\"dance-info\">\r\n                <h3 class=\"widget_title e-title h5 mb-30\">Warum ist das das Beste?<span class=\"shape\"><\/span><\/h3>\r\n                                    <p><span class=\"dance-desc\">Fachanleitung:<\/span> Unter Anleitung eines erfahrenen Lehrers mit stammesbasierter Ausbildung erlernen Sie den Tanz, wie er seit Generationen \u00fcberliefert wird.<\/p>\r\n                                    <p><span class=\"dance-desc\">Ganzheitlicher Ansatz:<\/span> Wir kombinieren grundlegende Techniken, theoretisches Wissen und ausdrucksstarkes Geschichtenerz\u00e4hlen und sorgen so daf\u00fcr, dass Sie ein umfassendes k\u00fcnstlerisches K\u00f6nnen entwickeln.<\/p>\r\n                                    <p><span class=\"dance-desc\">Positiver Lernraum:<\/span> Unsere unterst\u00fctzende Gemeinschaft feiert die Entwicklung jedes T\u00e4nzers und hilft Ihnen, mit jeder Unterrichtsstunde an Selbstvertrauen und Disziplin zu gewinnen.<\/p>\r\n                                    <p><span class=\"dance-desc\">Kulturelle Tiefe:<\/span> Entdecken Sie die epischen Erz\u00e4hlungen und spirituellen Themen hinter Bharatanatyam und f\u00f6rdern Sie eine tiefe Verbindung zu indischen Traditionen.<\/p>\r\n                            <\/div>\r\n        <\/div>\r\n\r\n    \t\t\t\t\t<\/div>\n\t\t\t\t<\/div>\n\t\t\t\t<div class=\"elementor-element elementor-element-be27e57 elementor-widget elementor-widget-heading\" data-id=\"be27e57\" data-element_type=\"widget\" data-widget_type=\"heading.default\">\n\t\t\t\t<div class=\"elementor-widget-container\">\n\t\t\t\t\t<h5 class=\"elementor-heading-title elementor-size-default\">Anpassbare Zeitpl\u00e4ne<\/h5>\t\t\t\t<\/div>\n\t\t\t\t<\/div>\n\t\t\t\t<div class=\"elementor-element elementor-element-04a4e48 elementor-widget elementor-widget-text-editor\" data-id=\"04a4e48\" data-element_type=\"widget\" data-widget_type=\"text-editor.default\">\n\t\t\t\t<div class=\"elementor-widget-container\">\n\t\t\t\t\t\t\t\t\t<ul data-pm-slice=\"3 3 []\" data-en-clipboard=\"true\"><li><div><b>Flexible Zeiteinteilung:<\/b> Wir passen die Unterrichtszeiten Ihrem Zeitplan an und erleichtern Ihnen so das regelm\u00e4\u00dfige \u00dcben.<\/div><\/li><li><div><b>Einzeln oder in der Gruppe:<\/b> Entscheiden Sie sich f\u00fcr personalisierte Einzelkurse mit gezielter Anleitung oder nehmen Sie an unseren Gruppensitzungen teil, um gemeinsam mit anderen Tanzbegeisterten zu lernen und zu wachsen.<\/div><\/li><\/ul>\t\t\t\t\t\t\t\t<\/div>\n\t\t\t\t<\/div>\n\t\t\t\t<div class=\"elementor-element elementor-element-8c966de elementor-widget elementor-widget-heading\" data-id=\"8c966de\" data-element_type=\"widget\" data-widget_type=\"heading.default\">\n\t\t\t\t<div class=\"elementor-widget-container\">\n\t\t\t\t\t<h5 class=\"elementor-heading-title elementor-size-default\">Vorteile des Lernens<\/h5>\t\t\t\t<\/div>\n\t\t\t\t<\/div>\n\t\t\t\t<div class=\"elementor-element elementor-element-35309de elementor-widget elementor-widget-danzainfobox\" data-id=\"35309de\" data-element_type=\"widget\" data-widget_type=\"danzainfobox.default\">\n\t\t\t\t<div class=\"elementor-widget-container\">\n\t\t\t\t\t\r\n        \t\t\t<div class=\"feature-tab-wrapper\">\r\n\t\t\t\t<div class=\"feature-image\">\r\n\t\t\t\t\t<img decoding=\"async\" src=\"https:\/\/nandanam.dance\/wp-content\/uploads\/2024\/12\/Bharathanatyam-Innerpng-e1735646467308.png\" alt=\"Bharathanatyam Innerpng e1735646467308\"  \/>\t\t\t\t<\/div>\r\n\t\t\t\t<div class=\"feature-icon-list\">\r\n\t\t\t\t\t<ul>\r\n\t\t\t\t\t\t\t\t\t\t\t\t<li class=\"e-list\"><i class=\"fa-solid fa-check\"><\/i>Verfeinerte Technik: Die Beherrschung von Bharatanatyam sch\u00e4rft Gleichgewicht, Beweglichkeit und K\u00f6rperbeherrschung und verbessert die allgemeine Fitness.\t\t\t\t\t\t<\/li>\r\n\t\t\t\t\t\t\t\t\t\t\t\t<li class=\"e-list\"><i class=\"fa-solid fa-check\"><\/i>Ausdruckskraft: Lernen Sie, durch Mudras und Gesichtsausdr\u00fccke ein Spektrum an Emotionen und mythologischen Geschichten zu vermitteln.\t\t\t\t\t\t<\/li>\r\n\t\t\t\t\t\t\t\t\t\t\t\t<li class=\"e-list\"><i class=\"fa-solid fa-check\"><\/i>Geistige Beweglichkeit: Die komplexen Muster und rhythmischen Zyklen fordern Ihren Geist heraus und verbessern Fokus und Konzentration.\t\t\t\t\t\t<\/li>\r\n\t\t\t\t\t\t\t\t\t\t\t\t<li class=\"e-list\"><i class=\"fa-solid fa-check\"><\/i>K\u00fcnstlerische Erf\u00fcllung: Tauchen Sie ein in eine heilige Kunstform, die Hingabe und Kreativit\u00e4t f\u00fcr nachhaltiges pers\u00f6nliches Wachstum vereint.\t\t\t\t\t\t<\/li>\r\n\t\t\t\t\t\t\t\t\t\t\t<\/ul>\r\n\t\t\t\t<\/div>\r\n\t\t\t<\/div>\r\n\r\n\t\t\t\t\t\t<\/div>\n\t\t\t\t<\/div>\n\t\t\t\t<div class=\"elementor-element elementor-element-358ee51 elementor-widget elementor-widget-text-editor\" data-id=\"358ee51\" data-element_type=\"widget\" data-widget_type=\"text-editor.default\">\n\t\t\t\t<div class=\"elementor-widget-container\">\n\t\t\t\t\t\t\t\t\t<div data-pm-slice=\"1 1 []\" data-en-clipboard=\"true\"><div data-pm-slice=\"1 1 []\" data-en-clipboard=\"true\">Erleben Sie die ergreifende Essenz des Bharatanatyam bei <b>Nandanam<\/b>, wo bei jedem Schritt Jahrhunderte alte Tradition und Leidenschaft f\u00fcr die darstellenden K\u00fcnste widerhallen.<\/div><\/div>\t\t\t\t\t\t\t\t<\/div>\n\t\t\t\t<\/div>\n\t\t\t\t<div class=\"elementor-element elementor-element-146d74a elementor-widget elementor-widget-heading\" data-id=\"146d74a\" data-element_type=\"widget\" data-widget_type=\"heading.default\">\n\t\t\t\t<div class=\"elementor-widget-container\">\n\t\t\t\t\t<h5 class=\"elementor-heading-title elementor-size-default\">H\u00e4ufig gestellte Fragen<\/h5>\t\t\t\t<\/div>\n\t\t\t\t<\/div>\n\t\t\t\t<div class=\"elementor-element elementor-element-adeb609 elementor-widget elementor-widget-danzafaq\" data-id=\"adeb609\" data-element_type=\"widget\" data-widget_type=\"danzafaq.default\">\n\t\t\t\t<div class=\"elementor-widget-container\">\n\t\t\t\t\t        \t\t<div class=\"accordion-area accordion\" id=\"faqAccordion1\">\r\n\t\t\t            <div class=\"accordion-card\">\r\n            \t                <div class=\"accordion-header\" id=\"collapse-item-69e1ae25bc16a\">\r\n                    <button class=\"h4 accordion-button\" type=\"button\" data-bs-toggle=\"collapse\"\r\n                        data-bs-target=\"#collapse-69e1ae25bc16a\" aria-expanded=\"true\" aria-controls=\"collapse-69e1ae25bc16a\"><span class=\"\">01.<\/span> Ben\u00f6tige ich f\u00fcr Bharatanatyam eine vorherige Tanzausbildung?<\/button>\r\n                <\/div>\r\n                                                <div id=\"collapse-69e1ae25bc16a\" class=\"accordion-collapse collapse show\"\r\n                    aria-labelledby=\"collapse-item-69e1ae25bc16a\" data-bs-parent=\"#faqAccordion1\">\r\n                    <div class=\"accordion-body\">\r\n\t\t\t\t\t\t<p>Nicht unbedingt. Unser Lehrplan richtet sich sowohl an absolute Anf\u00e4nger als auch an Personen mit Tanzerfahrung, die ihre Technik verfeinern m\u00f6chten.<\/p>                    <\/div>\r\n                <\/div>\r\n                            <\/div>\r\n                        <div class=\"accordion-card\">\r\n            \t                <div class=\"accordion-header\" id=\"collapse-item-69e1ae25bc1c4\">\r\n                    <button class=\"h4 accordion-button collapsed\" type=\"button\" data-bs-toggle=\"collapse\"\r\n                        data-bs-target=\"#collapse-69e1ae25bc1c4\" aria-expanded=\"false\" aria-controls=\"collapse-69e1ae25bc1c4\"><span class=\"\">02.<\/span>Ist Bharatanatyam k\u00f6rperlich anstrengend?<\/button>\r\n                <\/div>\r\n                                                <div id=\"collapse-69e1ae25bc1c4\" class=\"accordion-collapse collapse\"\r\n                    aria-labelledby=\"collapse-item-69e1ae25bc1c4\" data-bs-parent=\"#faqAccordion1\">\r\n                    <div class=\"accordion-body\">\r\n\t\t\t\t\t\t<p class=\"faq-text\">Bharatanatyam erfordert Ausdauer und Kraft, insbesondere im Unterk\u00f6rper. Unser progressiver Trainingsansatz stellt jedoch sicher, dass Sie mit der Zeit sicher Ausdauer aufbauen.<\/p>                    <\/div>\r\n                <\/div>\r\n                            <\/div>\r\n                        <div class=\"accordion-card\">\r\n            \t                <div class=\"accordion-header\" id=\"collapse-item-69e1ae25bc1ff\">\r\n                    <button class=\"h4 accordion-button collapsed\" type=\"button\" data-bs-toggle=\"collapse\"\r\n                        data-bs-target=\"#collapse-69e1ae25bc1ff\" aria-expanded=\"false\" aria-controls=\"collapse-69e1ae25bc1ff\"><span class=\"\">03.<\/span> Welche Kleidung ist zum Training geeignet?<\/button>\r\n                <\/div>\r\n                                                <div id=\"collapse-69e1ae25bc1ff\" class=\"accordion-collapse collapse\"\r\n                    aria-labelledby=\"collapse-item-69e1ae25bc1ff\" data-bs-parent=\"#faqAccordion1\">\r\n                    <div class=\"accordion-body\">\r\n\t\t\t\t\t\t<p class=\"faq-text\">Wir empfehlen das Tragen eines Salwar Kameez oder einer Tanzkleidung, die volle Bewegungsfreiheit erm\u00f6glicht. Klassische Kost\u00fcme werden nur bei Auff\u00fchrungen getragen.<\/p>                    <\/div>\r\n                <\/div>\r\n                            <\/div>\r\n                        <div class=\"accordion-card\">\r\n            \t                <div class=\"accordion-header\" id=\"collapse-item-69e1ae25bc233\">\r\n                    <button class=\"h4 accordion-button collapsed\" type=\"button\" data-bs-toggle=\"collapse\"\r\n                        data-bs-target=\"#collapse-69e1ae25bc233\" aria-expanded=\"false\" aria-controls=\"collapse-69e1ae25bc233\"><span class=\"\">04.<\/span>Wie hoch ist die Mindestaltersgrenze?<\/button>\r\n                <\/div>\r\n                                                <div id=\"collapse-69e1ae25bc233\" class=\"accordion-collapse collapse\"\r\n                    aria-labelledby=\"collapse-item-69e1ae25bc233\" data-bs-parent=\"#faqAccordion1\">\r\n                    <div class=\"accordion-body\">\r\n\t\t\t\t\t\t<p class=\"faq-text\">Kinder sollten mindestens f\u00fcnf Jahre alt sein, um sich anzumelden. Nach oben gibt es keine Altersgrenze, daher ist jeder, der lernen m\u00f6chte, willkommen.<\/p>                    <\/div>\r\n                <\/div>\r\n                            <\/div>\r\n                        <div class=\"accordion-card\">\r\n            \t                <div class=\"accordion-header\" id=\"collapse-item-69e1ae25bc268\">\r\n                    <button class=\"h4 accordion-button collapsed\" type=\"button\" data-bs-toggle=\"collapse\"\r\n                        data-bs-target=\"#collapse-69e1ae25bc268\" aria-expanded=\"false\" aria-controls=\"collapse-69e1ae25bc268\"><span class=\"\">05.<\/span>Beziehen Sie kulturelle und historische Kontexte in Ihren Unterricht ein?<\/button>\r\n                <\/div>\r\n                                                <div id=\"collapse-69e1ae25bc268\" class=\"accordion-collapse collapse\"\r\n                    aria-labelledby=\"collapse-item-69e1ae25bc268\" data-bs-parent=\"#faqAccordion1\">\r\n                    <div class=\"accordion-body\">\r\n\t\t\t\t\t\t<p class=\"faq-text\">Absolut. Das Verst\u00e4ndnis der Geschichte, Mythologie und Musik hinter Bharatanatyam bereichert Ihr Lernen und Ihre Darbietung und l\u00e4sst den Tanz wirklich lebendig werden.<\/p>                    <\/div>\r\n                <\/div>\r\n                            <\/div>\r\n                    <\/div>\r\n\r\n        \t\t\t\t<\/div>\n\t\t\t\t<\/div>\n\t\t\t\t\t<\/div>\n\t\t<\/div>\n\t\t\t\t\t<\/div>\n\t\t<\/section>\n\t\t\t\t<\/div>","protected":false},"excerpt":{"rendered":"<p>Bharatanatyam: Tauchen Sie ein in die lebendige Welt des Bharatanatyam, einer klassischen Tanzform aus Tamil Nadu, die f\u00fcr ihre pr\u00e4zise Beinarbeit, markanten Posen und dynamischen rhythmischen Muster bekannt ist. An der Nandanam School of Dance bewahren wir dieses jahrhundertealte Erbe und f\u00f6rdern gleichzeitig das individuelle Potenzial jedes Sch\u00fclers. Von der traditionellen halbsitzenden Haltung (Aramandi) bis zum kunstvollen Geschichtenerz\u00e4hlen (Abhinaya) helfen wir\u2026<\/p>","protected":false},"author":1,"featured_media":0,"parent":0,"menu_order":6,"comment_status":"closed","ping_status":"closed","template":"template-builder.php","meta":{"footnotes":""},"class_list":["post-1758","page","type-page","status-publish","hentry"],"_links":{"self":[{"href":"https:\/\/nandanam.dance\/de\/wp-json\/wp\/v2\/pages\/1758","targetHints":{"allow":["GET"]}}],"collection":[{"href":"https:\/\/nandanam.dance\/de\/wp-json\/wp\/v2\/pages"}],"about":[{"href":"https:\/\/nandanam.dance\/de\/wp-json\/wp\/v2\/types\/page"}],"author":[{"embeddable":true,"href":"https:\/\/nandanam.dance\/de\/wp-json\/wp\/v2\/users\/1"}],"replies":[{"embeddable":true,"href":"https:\/\/nandanam.dance\/de\/wp-json\/wp\/v2\/comments?post=1758"}],"version-history":[{"count":7,"href":"https:\/\/nandanam.dance\/de\/wp-json\/wp\/v2\/pages\/1758\/revisions"}],"predecessor-version":[{"id":1793,"href":"https:\/\/nandanam.dance\/de\/wp-json\/wp\/v2\/pages\/1758\/revisions\/1793"}],"wp:attachment":[{"href":"https:\/\/nandanam.dance\/de\/wp-json\/wp\/v2\/media?parent=1758"}],"curies":[{"name":"wp","href":"https:\/\/api.w.org\/{rel}","templated":true}]}}