{"id":694,"date":"2023-09-18T03:08:27","date_gmt":"2023-09-18T03:08:27","guid":{"rendered":"https:\/\/themeholy.com\/wordpress\/danza\/?page_id=694"},"modified":"2024-12-31T07:46:29","modified_gmt":"2024-12-31T07:46:29","slug":"abonnieren","status":"publish","type":"page","link":"https:\/\/nandanam.dance\/de\/abonnieren\/","title":{"rendered":"Mohiniyattam"},"content":{"rendered":"<div data-elementor-type=\"wp-page\" data-elementor-id=\"694\" class=\"elementor elementor-694\" data-elementor-post-type=\"page\">\n\t\t\t\t\t\t<section class=\"elementor-section elementor-top-section elementor-element elementor-element-2792d28 elementor-section-boxed elementor-section-height-default elementor-section-height-default\" data-id=\"2792d28\" data-element_type=\"section\">\n\t\t\t\t\t\t<div class=\"elementor-container elementor-column-gap-no\">\n\t\t\t\t\t<div class=\"elementor-column elementor-col-100 elementor-top-column elementor-element elementor-element-1ba1266\" data-id=\"1ba1266\" data-element_type=\"column\">\n\t\t\t<div class=\"elementor-widget-wrap elementor-element-populated\">\n\t\t\t\t\t\t<div class=\"elementor-element elementor-element-6544041 elementor-widget elementor-widget-image\" data-id=\"6544041\" data-element_type=\"widget\" data-widget_type=\"image.default\">\n\t\t\t\t<div class=\"elementor-widget-container\">\n\t\t\t\t\t\t\t\t\t\t\t\t\t\t\t<img fetchpriority=\"high\" decoding=\"async\" width=\"1090\" height=\"690\" src=\"https:\/\/nandanam.dance\/wp-content\/uploads\/2023\/10\/Mohiniyattam-Cover-01.png\" class=\"attachment-full size-full wp-image-1553\" alt=\"\" srcset=\"https:\/\/nandanam.dance\/wp-content\/uploads\/2023\/10\/Mohiniyattam-Cover-01.png 1090w, https:\/\/nandanam.dance\/wp-content\/uploads\/2023\/10\/Mohiniyattam-Cover-01-300x190.png 300w, https:\/\/nandanam.dance\/wp-content\/uploads\/2023\/10\/Mohiniyattam-Cover-01-1024x648.png 1024w, https:\/\/nandanam.dance\/wp-content\/uploads\/2023\/10\/Mohiniyattam-Cover-01-768x486.png 768w\" sizes=\"(max-width: 1090px) 100vw, 1090px\" \/>\t\t\t\t\t\t\t\t\t\t\t\t\t\t\t<\/div>\n\t\t\t\t<\/div>\n\t\t\t\t<div class=\"elementor-element elementor-element-c0105af elementor-widget elementor-widget-danzaclassinfo\" data-id=\"c0105af\" data-element_type=\"widget\" data-widget_type=\"danzaclassinfo.default\">\n\t\t\t\t<div class=\"elementor-widget-container\">\n\t\t\t\t\t    \t<div class=\"dance-single-wrapper\">\r\n            <div class=\"dance-single-content\">\r\n                <h2 class=\"page-title th-title\">Mohiniyattam<\/h2>\r\n                <div data-pm-slice=\"1 1 []\" data-en-clipboard=\"true\">Tauchen Sie ein in eine der bezauberndsten Tanztraditionen Keralas, <b>Mohiniyattam<\/b>, gefeiert f\u00fcr seine sanfte Anmut und seine flie\u00dfenden, wellenartigen Bewegungen. <b>Nandanam-Tanzschule<\/b>, wir bieten Ihnen ein authentisches, tiefgehendes Erlebnis eines Tanzstils, der von Hingabe und Geschichtenerz\u00e4hlen gepr\u00e4gt ist. Jede Geste, jede subtile Augenbewegung und jede Ver\u00e4nderung der K\u00f6rperhaltung hilft Ihnen, Geschichten aus der hinduistischen Mythologie zu verk\u00f6rpern, die Themen wie Liebe, Mitgef\u00fchl und g\u00f6ttliches Spiel widerspiegeln.<\/div><div data-pm-slice=\"1 1 []\" data-en-clipboard=\"true\">\u00a0<\/div><div data-pm-slice=\"1 1 []\" data-en-clipboard=\"true\">\u00a0<\/div><div data-pm-slice=\"1 1 []\" data-en-clipboard=\"true\">\u00a0<\/div>            <\/div>\r\n\r\n            <div class=\"dance-info\">\r\n                <h3 class=\"widget_title e-title h5 mb-30\">Warum ist das das Beste?<span class=\"shape\"><\/span><\/h3>\r\n                                    <p><span class=\"dance-desc\">Authentische P\u00e4dagogik:<\/span> Lernen Sie von einem engagierten Lehrer, der bei renommierten Gurus ausgebildet wurde und sicherstellt, dass jede Technik in der Tradition verwurzelt ist.<\/p>\r\n                                    <p><span class=\"dance-desc\">Umfassende Schulung: <\/span> Wir gehen \u00fcber die einzelnen Schritte hinaus und bieten kulturellen Kontext, Geschichte und \u00c4sthetik, um Ihre Leistung zu verbessern.<\/p>\r\n                                    <p><span class=\"dance-desc\">F\u00f6rdernde Umgebung:<\/span> Unsere unterst\u00fctzende Gemeinschaft hei\u00dft T\u00e4nzer aller Hintergr\u00fcnde und Niveaus willkommen und hilft dabei, Selbstvertrauen und Disziplin aufzubauen<\/p>\r\n                                    <p><span class=\"dance-desc\">Tiefe kulturelle Verbindung<\/span> Jede Bewegung spiegelt ein jahrhundertealtes Erbe wider und erm\u00f6glicht Ihnen, eine tiefe Wertsch\u00e4tzung f\u00fcr das vielf\u00e4ltige k\u00fcnstlerische Erbe Indiens zu entwickeln.<\/p>\r\n                            <\/div>\r\n        <\/div>\r\n\r\n    \t\t\t\t\t<\/div>\n\t\t\t\t<\/div>\n\t\t\t\t<div class=\"elementor-element elementor-element-be27e57 elementor-widget elementor-widget-heading\" data-id=\"be27e57\" data-element_type=\"widget\" data-widget_type=\"heading.default\">\n\t\t\t\t<div class=\"elementor-widget-container\">\n\t\t\t\t\t<h5 class=\"elementor-heading-title elementor-size-default\">Anpassbare Zeitpl\u00e4ne<\/h5>\t\t\t\t<\/div>\n\t\t\t\t<\/div>\n\t\t\t\t<div class=\"elementor-element elementor-element-04a4e48 elementor-widget elementor-widget-text-editor\" data-id=\"04a4e48\" data-element_type=\"widget\" data-widget_type=\"text-editor.default\">\n\t\t\t\t<div class=\"elementor-widget-container\">\n\t\t\t\t\t\t\t\t\t<ul data-pm-slice=\"3 3 []\" data-en-clipboard=\"true\"><li><div><b>Flexible Zeiteinteilung:<\/b> Der Unterricht kann entsprechend Ihrer Verf\u00fcgbarkeit geplant werden, sodass Sie den gr\u00f6\u00dftm\u00f6glichen Nutzen aus dem Unterricht ziehen.<\/div><\/li><li><div><b>Einzeln oder in der Gruppe:<\/b> Wenn Sie pers\u00f6nliche Betreuung bevorzugen, bieten wir Einzelsitzungen an; wenn Sie in einem kollaborativen Umfeld aufbl\u00fchen, nehmen Sie an unseren Gruppenkursen teil.<\/div><\/li><\/ul>\t\t\t\t\t\t\t\t<\/div>\n\t\t\t\t<\/div>\n\t\t\t\t<div class=\"elementor-element elementor-element-8c966de elementor-widget elementor-widget-heading\" data-id=\"8c966de\" data-element_type=\"widget\" data-widget_type=\"heading.default\">\n\t\t\t\t<div class=\"elementor-widget-container\">\n\t\t\t\t\t<h5 class=\"elementor-heading-title elementor-size-default\">Vorteile des Lernens<\/h5>\t\t\t\t<\/div>\n\t\t\t\t<\/div>\n\t\t\t\t<div class=\"elementor-element elementor-element-35309de elementor-widget elementor-widget-danzainfobox\" data-id=\"35309de\" data-element_type=\"widget\" data-widget_type=\"danzainfobox.default\">\n\t\t\t\t<div class=\"elementor-widget-container\">\n\t\t\t\t\t\r\n        \t\t\t<div class=\"feature-tab-wrapper\">\r\n\t\t\t\t<div class=\"feature-image\">\r\n\t\t\t\t\t<img decoding=\"async\" src=\"https:\/\/nandanam.dance\/wp-content\/uploads\/2023\/10\/Mohiniyattam-Inner-01-e1698411613665.png\" alt=\"Mohiniyattam Inner 01 e1698411613665\"  \/>\t\t\t\t<\/div>\r\n\t\t\t\t<div class=\"feature-icon-list\">\r\n\t\t\t\t\t<ul>\r\n\t\t\t\t\t\t\t\t\t\t\t\t<li class=\"e-list\"><i class=\"fa-solid fa-check\"><\/i>Bewusste Bewegung: Der sanfte, flie\u00dfende Stil von Mohiniyattam beruhigt den Geist, f\u00f6rdert die geistige Klarheit und reduziert Stress.\t\t\t\t\t\t<\/li>\r\n\t\t\t\t\t\t\t\t\t\t\t\t<li class=\"e-list\"><i class=\"fa-solid fa-check\"><\/i>Verbesserte Anmut und Haltung: Die kontrollierte Beinarbeit und die sanften Schwungtechniken helfen, Gleichgewicht, Haltung und Koordination zu verbessern.\t\t\t\t\t\t<\/li>\r\n\t\t\t\t\t\t\t\t\t\t\t\t<li class=\"e-list\"><i class=\"fa-solid fa-check\"><\/i>K\u00fcnstlerischer Ausdruck: Entdecken Sie die Macht des Abhinaya \u2013 Geschichtenerz\u00e4hlens durch Gesichtsausdr\u00fccke \u2013 um eine tiefe Verbindung zu Ihrem Publikum herzustellen.\t\t\t\t\t\t<\/li>\r\n\t\t\t\t\t\t\t\t\t\t\t\t<li class=\"e-list\"><i class=\"fa-solid fa-check\"><\/i>Kulturelle Bereicherung: Tauchen Sie ein in klassische Musik, Mythologie und Br\u00e4uche und erweitern Sie Ihr Verst\u00e4ndnis f\u00fcr die kulturelle Vielfalt Indiens.\t\t\t\t\t\t<\/li>\r\n\t\t\t\t\t\t\t\t\t\t\t<\/ul>\r\n\t\t\t\t<\/div>\r\n\t\t\t<\/div>\r\n\r\n\t\t\t\t\t\t<\/div>\n\t\t\t\t<\/div>\n\t\t\t\t<div class=\"elementor-element elementor-element-358ee51 elementor-widget elementor-widget-text-editor\" data-id=\"358ee51\" data-element_type=\"widget\" data-widget_type=\"text-editor.default\">\n\t\t\t\t<div class=\"elementor-widget-container\">\n\t\t\t\t\t\t\t\t\t<div data-pm-slice=\"1 1 []\" data-en-clipboard=\"true\">Besuchen Sie uns <b>Nandanam<\/b> und lassen Sie sich von der zeitlosen Eleganz von Mohiniyattam auf eine intensivere k\u00fcnstlerische Reise f\u00fchren. Sp\u00fcren Sie, wie die Rhythmen Keralas durch Ihren K\u00f6rper flie\u00dfen und den Geschichtenerz\u00e4hler in Ihnen wecken.<\/div>\t\t\t\t\t\t\t\t<\/div>\n\t\t\t\t<\/div>\n\t\t\t\t<div class=\"elementor-element elementor-element-146d74a elementor-widget elementor-widget-heading\" data-id=\"146d74a\" data-element_type=\"widget\" data-widget_type=\"heading.default\">\n\t\t\t\t<div class=\"elementor-widget-container\">\n\t\t\t\t\t<h5 class=\"elementor-heading-title elementor-size-default\">H\u00e4ufig gestellte Fragen<\/h5>\t\t\t\t<\/div>\n\t\t\t\t<\/div>\n\t\t\t\t<div class=\"elementor-element elementor-element-adeb609 elementor-widget elementor-widget-danzafaq\" data-id=\"adeb609\" data-element_type=\"widget\" data-widget_type=\"danzafaq.default\">\n\t\t\t\t<div class=\"elementor-widget-container\">\n\t\t\t\t\t        \t\t<div class=\"accordion-area accordion\" id=\"faqAccordion1\">\r\n\t\t\t            <div class=\"accordion-card\">\r\n            \t                <div class=\"accordion-header\" id=\"collapse-item-69e1a9ff8761f\">\r\n                    <button class=\"h4 accordion-button\" type=\"button\" data-bs-toggle=\"collapse\"\r\n                        data-bs-target=\"#collapse-69e1a9ff8761f\" aria-expanded=\"true\" aria-controls=\"collapse-69e1a9ff8761f\"><span class=\"\">01.<\/span> Ist Tanzerfahrung erforderlich?<\/button>\r\n                <\/div>\r\n                                                <div id=\"collapse-69e1a9ff8761f\" class=\"accordion-collapse collapse show\"\r\n                    aria-labelledby=\"collapse-item-69e1a9ff8761f\" data-bs-parent=\"#faqAccordion1\">\r\n                    <div class=\"accordion-body\">\r\n\t\t\t\t\t\t<p>Nein. Unsere Mohiniyattam-Kurse sind f\u00fcr Sch\u00fcler aller Niveaus geeignet \u2013 vom absoluten Anf\u00e4nger bis zum erfahreneren T\u00e4nzer.<\/p>                    <\/div>\r\n                <\/div>\r\n                            <\/div>\r\n                        <div class=\"accordion-card\">\r\n            \t                <div class=\"accordion-header\" id=\"collapse-item-69e1a9ff8766e\">\r\n                    <button class=\"h4 accordion-button collapsed\" type=\"button\" data-bs-toggle=\"collapse\"\r\n                        data-bs-target=\"#collapse-69e1a9ff8766e\" aria-expanded=\"false\" aria-controls=\"collapse-69e1a9ff8766e\"><span class=\"\">02.<\/span> Was soll ich zum Unterricht anziehen?<\/button>\r\n                <\/div>\r\n                                                <div id=\"collapse-69e1a9ff8766e\" class=\"accordion-collapse collapse\"\r\n                    aria-labelledby=\"collapse-item-69e1a9ff8766e\" data-bs-parent=\"#faqAccordion1\">\r\n                    <div class=\"accordion-body\">\r\n\t\t\t\t\t\t<p class=\"faq-text\">Wir empfehlen bequeme, dehnbare Kleidung oder einen Tanzsari, der freie Bewegung erm\u00f6glicht. Traditionelle Kleidung (wei\u00dfer und goldener Sari) ist normalerweise f\u00fcr Auff\u00fchrungen reserviert.<\/p>                    <\/div>\r\n                <\/div>\r\n                            <\/div>\r\n                        <div class=\"accordion-card\">\r\n            \t                <div class=\"accordion-header\" id=\"collapse-item-69e1a9ff876a6\">\r\n                    <button class=\"h4 accordion-button collapsed\" type=\"button\" data-bs-toggle=\"collapse\"\r\n                        data-bs-target=\"#collapse-69e1a9ff876a6\" aria-expanded=\"false\" aria-controls=\"collapse-69e1a9ff876a6\"><span class=\"\">03.<\/span> Wie oft finden die Kurse statt?<\/button>\r\n                <\/div>\r\n                                                <div id=\"collapse-69e1a9ff876a6\" class=\"accordion-collapse collapse\"\r\n                    aria-labelledby=\"collapse-item-69e1a9ff876a6\" data-bs-parent=\"#faqAccordion1\">\r\n                    <div class=\"accordion-body\">\r\n\t\t\t\t\t\t<p class=\"faq-text\">Normalerweise ein- oder zweimal pro Woche, je nach Nachfrage und Stundenplan. Regelm\u00e4\u00dfige Teilnahme hilft Ihnen, stetig Fortschritte zu machen.<\/p>                    <\/div>\r\n                <\/div>\r\n                            <\/div>\r\n                        <div class=\"accordion-card\">\r\n            \t                <div class=\"accordion-header\" id=\"collapse-item-69e1a9ff876da\">\r\n                    <button class=\"h4 accordion-button collapsed\" type=\"button\" data-bs-toggle=\"collapse\"\r\n                        data-bs-target=\"#collapse-69e1a9ff876da\" aria-expanded=\"false\" aria-controls=\"collapse-69e1a9ff876da\"><span class=\"\">04.<\/span>Lerne ich neben praktischen Schritten auch die Theorie?<\/button>\r\n                <\/div>\r\n                                                <div id=\"collapse-69e1a9ff876da\" class=\"accordion-collapse collapse\"\r\n                    aria-labelledby=\"collapse-item-69e1a9ff876da\" data-bs-parent=\"#faqAccordion1\">\r\n                    <div class=\"accordion-body\">\r\n\t\t\t\t\t\t<p class=\"faq-text\">Ja. Wir bieten grundlegende theoretische Einblicke in den kulturellen und historischen Hintergrund von Mohiniyattam und steigern so Ihre allgemeine Wertsch\u00e4tzung und die Qualit\u00e4t Ihrer Auff\u00fchrung.<\/p>                    <\/div>\r\n                <\/div>\r\n                            <\/div>\r\n                        <div class=\"accordion-card\">\r\n            \t                <div class=\"accordion-header\" id=\"collapse-item-69e1a9ff8770b\">\r\n                    <button class=\"h4 accordion-button collapsed\" type=\"button\" data-bs-toggle=\"collapse\"\r\n                        data-bs-target=\"#collapse-69e1a9ff8770b\" aria-expanded=\"false\" aria-controls=\"collapse-69e1a9ff8770b\"><span class=\"\">05.<\/span>Woher wei\u00df ich, ob ich bereit bin, auf der B\u00fchne aufzutreten?<\/button>\r\n                <\/div>\r\n                                                <div id=\"collapse-69e1a9ff8770b\" class=\"accordion-collapse collapse\"\r\n                    aria-labelledby=\"collapse-item-69e1a9ff8770b\" data-bs-parent=\"#faqAccordion1\">\r\n                    <div class=\"accordion-body\">\r\n\t\t\t\t\t\t<p class=\"faq-text\">Ihr Lehrer wird Sie entsprechend Ihrem Fortschritt und Ihrem Selbstvertrauen anleiten. Wir veranstalten gelegentlich Showcases, damit die Sch\u00fcler Erfahrung mit Auftritten vor einem unterst\u00fctzenden Publikum haben.<\/p>                    <\/div>\r\n                <\/div>\r\n                            <\/div>\r\n                    <\/div>\r\n\r\n        \t\t\t\t<\/div>\n\t\t\t\t<\/div>\n\t\t\t\t\t<\/div>\n\t\t<\/div>\n\t\t\t\t\t<\/div>\n\t\t<\/section>\n\t\t\t\t<\/div>","protected":false},"excerpt":{"rendered":"<p>Mohiniyattam Immerse yourself in one of Kerala\u2019s most enchanting dance traditions, Mohiniyattam, celebrated for its gentle grace and fluid, wave-like movements. At Nandanam School Of Dance, we bring you an authentic, in-depth experience of a dance style steeped in devotion and storytelling. Each gesture, subtle eye movement, and shift in posture helps you embody tales&#8230;<\/p>","protected":false},"author":1,"featured_media":0,"parent":0,"menu_order":5,"comment_status":"closed","ping_status":"closed","template":"template-builder.php","meta":{"footnotes":""},"class_list":["post-694","page","type-page","status-publish","hentry"],"_links":{"self":[{"href":"https:\/\/nandanam.dance\/de\/wp-json\/wp\/v2\/pages\/694","targetHints":{"allow":["GET"]}}],"collection":[{"href":"https:\/\/nandanam.dance\/de\/wp-json\/wp\/v2\/pages"}],"about":[{"href":"https:\/\/nandanam.dance\/de\/wp-json\/wp\/v2\/types\/page"}],"author":[{"embeddable":true,"href":"https:\/\/nandanam.dance\/de\/wp-json\/wp\/v2\/users\/1"}],"replies":[{"embeddable":true,"href":"https:\/\/nandanam.dance\/de\/wp-json\/wp\/v2\/comments?post=694"}],"version-history":[{"count":23,"href":"https:\/\/nandanam.dance\/de\/wp-json\/wp\/v2\/pages\/694\/revisions"}],"predecessor-version":[{"id":1757,"href":"https:\/\/nandanam.dance\/de\/wp-json\/wp\/v2\/pages\/694\/revisions\/1757"}],"wp:attachment":[{"href":"https:\/\/nandanam.dance\/de\/wp-json\/wp\/v2\/media?parent=694"}],"curies":[{"name":"wp","href":"https:\/\/api.w.org\/{rel}","templated":true}]}}