{"id":695,"date":"2023-09-18T03:08:12","date_gmt":"2023-09-18T03:08:12","guid":{"rendered":"https:\/\/themeholy.com\/wordpress\/danza\/?page_id=695"},"modified":"2024-12-27T08:54:10","modified_gmt":"2024-12-27T08:54:10","slug":"klassen","status":"publish","type":"page","link":"https:\/\/nandanam.dance\/de\/klassen\/","title":{"rendered":"Klassen"},"content":{"rendered":"<div data-elementor-type=\"wp-page\" data-elementor-id=\"695\" class=\"elementor elementor-695\" data-elementor-post-type=\"page\">\n\t\t\t\t\t\t<section class=\"elementor-section elementor-top-section elementor-element elementor-element-31fc5f6 elementor-section-boxed elementor-section-height-default elementor-section-height-default\" data-id=\"31fc5f6\" data-element_type=\"section\">\n\t\t\t\t\t\t<div class=\"elementor-container elementor-column-gap-no\">\n\t\t\t\t\t<div class=\"elementor-column elementor-col-100 elementor-top-column elementor-element elementor-element-81896b3\" data-id=\"81896b3\" data-element_type=\"column\">\n\t\t\t<div class=\"elementor-widget-wrap elementor-element-populated\">\n\t\t\t\t\t\t<div class=\"elementor-element elementor-element-0486c23 elementor-widget elementor-widget-danzaclasses\" data-id=\"0486c23\" data-element_type=\"widget\" data-widget_type=\"danzaclasses.default\">\n\t\t\t\t<div class=\"elementor-widget-container\">\n\t\t\t\t\t\r\n        \t\t\t<div class=\"row slider-shadow th-carousel\" id=\"classSlide\" data-slide-show=\"2\" data-lg-slide-show=\"1\" data-md-slide-show=\"2\" data-sm-slide-show=\"2\" data-xs-slide-show=\"1\">\r\n\t\t\t\t\t\t\t\t<div class=\"col-lg-4 col-md-6\">\r\n\t\t\t\t\t<div class=\"couple-card style3\">\r\n\t\t\t\t\t\t<div class=\"couple-card_img\">\r\n\t\t\t\t\t\t\t<img decoding=\"async\" src=\"https:\/\/nandanam.dance\/wp-content\/uploads\/2023\/10\/Bharatanatyam-Cover-01.png\" alt=\"Bharatanatyam-Cover 01\"  \/>\t\t\t\t\t\t<\/div>\r\n\t\t\t\t\t\t<h3 class=\"couple-card_title e-title\"><a href=\"\/de\/abonnieren-2\/\">Bharatanatyam<\/a><\/h3>\r\n                        <p class=\"couple-card_text e-text\">Bharatanatyam in Nandanam vereint klassische Rhythmen, ausdrucksstarke Gesten und packende Geschichten aus Tamil Nadu und schafft so eine Gemeinschaft.<\/p>\r\n                        <a href=\"\/de\/abonnieren-2\/\" class=\"th-btn e-btn style3\">Detailinformationen<\/a>\r\n\t\t\t\t\t<\/div>\r\n\t\t\t\t<\/div>\r\n\t\t\t\t\t\t\t\t<div class=\"col-lg-4 col-md-6\">\r\n\t\t\t\t\t<div class=\"couple-card style3\">\r\n\t\t\t\t\t\t<div class=\"couple-card_img\">\r\n\t\t\t\t\t\t\t<img decoding=\"async\" src=\"https:\/\/nandanam.dance\/wp-content\/uploads\/2023\/10\/Mohiniyattam-Cover-01.png\" alt=\"Mohiniyattam-Cover 01\"  \/>\t\t\t\t\t\t<\/div>\r\n\t\t\t\t\t\t<h3 class=\"couple-card_title e-title\"><a href=\"\/de\/abonnieren\/\">Mohiniyattam<\/a><\/h3>\r\n                        <p class=\"couple-card_text e-text\">In Nandanam ehrt Mohiniyattam Keralas sanfte Anmut durch flie\u00dfende Bewegungen, sanfte Ausdr\u00fccke und hingebungsvolles Geschichtenerz\u00e4hlen.<\/p>\r\n                        <a href=\"\/de\/abonnieren\/\" class=\"th-btn e-btn style3\">Detailinformationen<\/a>\r\n\t\t\t\t\t<\/div>\r\n\t\t\t\t<\/div>\r\n\t\t\t\t\t\t\t<\/div>\r\n\r\n\r\n    \t\t\t\t\t<\/div>\n\t\t\t\t<\/div>\n\t\t\t\t\t<\/div>\n\t\t<\/div>\n\t\t\t\t\t<\/div>\n\t\t<\/section>\n\t\t\t\t<\/div>","protected":false},"excerpt":{"rendered":"<p>Bharatanatyam Bharatanatyam in Nandanam vereint die klassischen Rhythmen Tamil Nadus, ausdrucksstarke Gesten und fesselnde Geschichten und schafft so Gemeinschaft. Details entdecken Mohiniyattam In Nandanam ehrt Mohiniyattam Keralas sanfte Anmut durch flie\u00dfende Bewegungen, sanfte Ausdr\u00fccke und hingebungsvolles Geschichtenerz\u00e4hlen. Details entdecken<\/p>","protected":false},"author":1,"featured_media":0,"parent":0,"menu_order":4,"comment_status":"closed","ping_status":"closed","template":"template-builder.php","meta":{"footnotes":""},"class_list":["post-695","page","type-page","status-publish","hentry"],"_links":{"self":[{"href":"https:\/\/nandanam.dance\/de\/wp-json\/wp\/v2\/pages\/695","targetHints":{"allow":["GET"]}}],"collection":[{"href":"https:\/\/nandanam.dance\/de\/wp-json\/wp\/v2\/pages"}],"about":[{"href":"https:\/\/nandanam.dance\/de\/wp-json\/wp\/v2\/types\/page"}],"author":[{"embeddable":true,"href":"https:\/\/nandanam.dance\/de\/wp-json\/wp\/v2\/users\/1"}],"replies":[{"embeddable":true,"href":"https:\/\/nandanam.dance\/de\/wp-json\/wp\/v2\/comments?post=695"}],"version-history":[{"count":20,"href":"https:\/\/nandanam.dance\/de\/wp-json\/wp\/v2\/pages\/695\/revisions"}],"predecessor-version":[{"id":1744,"href":"https:\/\/nandanam.dance\/de\/wp-json\/wp\/v2\/pages\/695\/revisions\/1744"}],"wp:attachment":[{"href":"https:\/\/nandanam.dance\/de\/wp-json\/wp\/v2\/media?parent=695"}],"curies":[{"name":"wp","href":"https:\/\/api.w.org\/{rel}","templated":true}]}}